{"id":112,"date":"2015-11-09T00:57:33","date_gmt":"2015-11-09T00:57:33","guid":{"rendered":"http:\/\/dosmaresgesell.com.ar\/villa-gesell\/?page_id=112"},"modified":"2023-09-12T18:42:35","modified_gmt":"2023-09-12T18:42:35","slug":"duplex-5-y-8","status":"publish","type":"page","link":"https:\/\/dosmaresgesell.com.ar\/villa-gesell\/duplex-5-y-8\/","title":{"rendered":"Duplex 5 y 8"},"content":{"rendered":"<h3>Capacidad 2 a 4 personas<\/h3>\n<p><strong>Planta Baja:<\/strong> Cocina &#8211; Comedor &#8211; Living (\u00a0con sill\u00f3n cama para 2 personas) LCD \u00ab32\u00a0y toilette.<br \/><strong>Planta Alta:<\/strong> 1 Habitaci\u00f3n doble con sommier, LCD 32&#8243; y ba\u00f1o con ducha.<\/p>\n<p>Ventiladores de techo en las habitaciones &#8211; Calefacci\u00f3n<\/p>\n<p>Estos\u00a0unidades se encuentran\u00a0al frente del complejo. Alarma.<\/p>\n<p>[URIS id=37]<\/p>\n\n\n<figure class=\"wp-block-gallery has-nested-images columns-default is-cropped wp-block-gallery-1 is-layout-flex wp-block-gallery-is-layout-flex\">\n<figure class=\"wp-block-image size-large\"><a href=\"https:\/\/dosmaresgesell.com.ar\/villa-gesell\/wp-content\/uploads\/2023\/09\/WhatsApp-Image-2023-09-12-at-15.33.16.jpeg\"><img loading=\"lazy\" decoding=\"async\" width=\"960\" height=\"644\" data-id=\"194\" src=\"https:\/\/dosmaresgesell.com.ar\/villa-gesell\/wp-content\/uploads\/2023\/09\/WhatsApp-Image-2023-09-12-at-15.33.16.jpeg\" alt=\"\" class=\"wp-image-194\" srcset=\"https:\/\/dosmaresgesell.com.ar\/villa-gesell\/wp-content\/uploads\/2023\/09\/WhatsApp-Image-2023-09-12-at-15.33.16.jpeg 960w, https:\/\/dosmaresgesell.com.ar\/villa-gesell\/wp-content\/uploads\/2023\/09\/WhatsApp-Image-2023-09-12-at-15.33.16-300x201.jpeg 300w, https:\/\/dosmaresgesell.com.ar\/villa-gesell\/wp-content\/uploads\/2023\/09\/WhatsApp-Image-2023-09-12-at-15.33.16-768x515.jpeg 768w\" sizes=\"auto, (max-width: 960px) 100vw, 960px\" \/><\/a><\/figure>\n\n\n\n<figure class=\"wp-block-image size-large\"><a href=\"https:\/\/dosmaresgesell.com.ar\/villa-gesell\/wp-content\/uploads\/2023\/09\/WhatsApp-Image-2023-09-12-at-15.33.17-1.jpeg\"><img loading=\"lazy\" decoding=\"async\" width=\"300\" height=\"300\" data-id=\"192\" src=\"https:\/\/dosmaresgesell.com.ar\/villa-gesell\/wp-content\/uploads\/2023\/09\/WhatsApp-Image-2023-09-12-at-15.33.17-1.jpeg\" alt=\"\" class=\"wp-image-192\" srcset=\"https:\/\/dosmaresgesell.com.ar\/villa-gesell\/wp-content\/uploads\/2023\/09\/WhatsApp-Image-2023-09-12-at-15.33.17-1.jpeg 300w, https:\/\/dosmaresgesell.com.ar\/villa-gesell\/wp-content\/uploads\/2023\/09\/WhatsApp-Image-2023-09-12-at-15.33.17-1-150x150.jpeg 150w\" sizes=\"auto, (max-width: 300px) 100vw, 300px\" \/><\/a><\/figure>\n\n\n\n<figure class=\"wp-block-image size-large\"><a href=\"https:\/\/dosmaresgesell.com.ar\/villa-gesell\/wp-content\/uploads\/2023\/09\/WhatsApp-Image-2023-09-12-at-15.33.17.jpeg\"><img loading=\"lazy\" decoding=\"async\" width=\"960\" height=\"644\" data-id=\"193\" src=\"https:\/\/dosmaresgesell.com.ar\/villa-gesell\/wp-content\/uploads\/2023\/09\/WhatsApp-Image-2023-09-12-at-15.33.17.jpeg\" alt=\"\" class=\"wp-image-193\" srcset=\"https:\/\/dosmaresgesell.com.ar\/villa-gesell\/wp-content\/uploads\/2023\/09\/WhatsApp-Image-2023-09-12-at-15.33.17.jpeg 960w, https:\/\/dosmaresgesell.com.ar\/villa-gesell\/wp-content\/uploads\/2023\/09\/WhatsApp-Image-2023-09-12-at-15.33.17-300x201.jpeg 300w, https:\/\/dosmaresgesell.com.ar\/villa-gesell\/wp-content\/uploads\/2023\/09\/WhatsApp-Image-2023-09-12-at-15.33.17-768x515.jpeg 768w\" sizes=\"auto, (max-width: 960px) 100vw, 960px\" \/><\/a><\/figure>\n<\/figure>\n\n\n\n<figure class=\"wp-block-gallery has-nested-images columns-default is-cropped wp-block-gallery-2 is-layout-flex wp-block-gallery-is-layout-flex\">\n<figure class=\"wp-block-image size-large\"><a href=\"https:\/\/dosmaresgesell.com.ar\/villa-gesell\/wp-content\/uploads\/2023\/09\/DSC0092-1.jpg\"><img loading=\"lazy\" decoding=\"async\" width=\"960\" height=\"644\" data-id=\"195\" src=\"https:\/\/dosmaresgesell.com.ar\/villa-gesell\/wp-content\/uploads\/2023\/09\/DSC0092-1.jpg\" alt=\"\" class=\"wp-image-195\" srcset=\"https:\/\/dosmaresgesell.com.ar\/villa-gesell\/wp-content\/uploads\/2023\/09\/DSC0092-1.jpg 960w, https:\/\/dosmaresgesell.com.ar\/villa-gesell\/wp-content\/uploads\/2023\/09\/DSC0092-1-300x201.jpg 300w, https:\/\/dosmaresgesell.com.ar\/villa-gesell\/wp-content\/uploads\/2023\/09\/DSC0092-1-768x515.jpg 768w\" sizes=\"auto, (max-width: 960px) 100vw, 960px\" \/><\/a><\/figure>\n\n\n\n<figure class=\"wp-block-image size-large\"><a href=\"https:\/\/dosmaresgesell.com.ar\/villa-gesell\/wp-content\/uploads\/2023\/09\/DSC0109.jpg\"><img loading=\"lazy\" decoding=\"async\" width=\"960\" height=\"644\" data-id=\"185\" src=\"https:\/\/dosmaresgesell.com.ar\/villa-gesell\/wp-content\/uploads\/2023\/09\/DSC0109.jpg\" alt=\"\" class=\"wp-image-185\" srcset=\"https:\/\/dosmaresgesell.com.ar\/villa-gesell\/wp-content\/uploads\/2023\/09\/DSC0109.jpg 960w, https:\/\/dosmaresgesell.com.ar\/villa-gesell\/wp-content\/uploads\/2023\/09\/DSC0109-300x201.jpg 300w, https:\/\/dosmaresgesell.com.ar\/villa-gesell\/wp-content\/uploads\/2023\/09\/DSC0109-768x515.jpg 768w\" sizes=\"auto, (max-width: 960px) 100vw, 960px\" \/><\/a><\/figure>\n\n\n\n<figure class=\"wp-block-image size-large\"><a href=\"https:\/\/dosmaresgesell.com.ar\/villa-gesell\/wp-content\/uploads\/2023\/09\/DSC0107.jpg\"><img loading=\"lazy\" decoding=\"async\" width=\"960\" height=\"644\" data-id=\"178\" src=\"https:\/\/dosmaresgesell.com.ar\/villa-gesell\/wp-content\/uploads\/2023\/09\/DSC0107.jpg\" alt=\"\" class=\"wp-image-178\" srcset=\"https:\/\/dosmaresgesell.com.ar\/villa-gesell\/wp-content\/uploads\/2023\/09\/DSC0107.jpg 960w, https:\/\/dosmaresgesell.com.ar\/villa-gesell\/wp-content\/uploads\/2023\/09\/DSC0107-300x201.jpg 300w, https:\/\/dosmaresgesell.com.ar\/villa-gesell\/wp-content\/uploads\/2023\/09\/DSC0107-768x515.jpg 768w\" sizes=\"auto, (max-width: 960px) 100vw, 960px\" \/><\/a><\/figure>\n\n\n\n<figure class=\"wp-block-image size-large\"><a href=\"https:\/\/dosmaresgesell.com.ar\/villa-gesell\/wp-content\/uploads\/2015\/11\/camara-vero-2015-045.jpg\"><img loading=\"lazy\" decoding=\"async\" width=\"1024\" height=\"768\" data-id=\"136\" src=\"https:\/\/dosmaresgesell.com.ar\/villa-gesell\/wp-content\/uploads\/2015\/11\/camara-vero-2015-045-1024x768.jpg\" alt=\"\" class=\"wp-image-136\" srcset=\"https:\/\/dosmaresgesell.com.ar\/villa-gesell\/wp-content\/uploads\/2015\/11\/camara-vero-2015-045-1024x768.jpg 1024w, https:\/\/dosmaresgesell.com.ar\/villa-gesell\/wp-content\/uploads\/2015\/11\/camara-vero-2015-045-300x225.jpg 300w, https:\/\/dosmaresgesell.com.ar\/villa-gesell\/wp-content\/uploads\/2015\/11\/camara-vero-2015-045-500x375.jpg 500w, https:\/\/dosmaresgesell.com.ar\/villa-gesell\/wp-content\/uploads\/2015\/11\/camara-vero-2015-045-135x100.jpg 135w\" sizes=\"auto, (max-width: 1024px) 100vw, 1024px\" \/><\/a><\/figure>\n<\/figure>\n\n\n\n<figure class=\"wp-block-gallery has-nested-images columns-default is-cropped wp-block-gallery-3 is-layout-flex wp-block-gallery-is-layout-flex\"><\/figure>\n","protected":false},"excerpt":{"rendered":"<p>Capacidad 2 a 4 personas Planta Baja: Cocina &#8211; Comedor &#8211; Living (\u00a0con sill\u00f3n cama para 2 personas) LCD \u00ab32\u00a0y toilette.Planta Alta: 1 Habitaci\u00f3n doble con sommier, LCD 32&#8243; y ba\u00f1o con ducha. Ventiladores de techo en las habitaciones &#8211; Calefacci\u00f3n Estos\u00a0unidades se encuentran\u00a0al frente del complejo. Alarma. [URIS id=37]<\/p>\n","protected":false},"author":1,"featured_media":0,"parent":0,"menu_order":0,"comment_status":"closed","ping_status":"closed","template":"","meta":{"footnotes":""},"class_list":["post-112","page","type-page","status-publish","hentry"],"_links":{"self":[{"href":"https:\/\/dosmaresgesell.com.ar\/villa-gesell\/wp-json\/wp\/v2\/pages\/112","targetHints":{"allow":["GET"]}}],"collection":[{"href":"https:\/\/dosmaresgesell.com.ar\/villa-gesell\/wp-json\/wp\/v2\/pages"}],"about":[{"href":"https:\/\/dosmaresgesell.com.ar\/villa-gesell\/wp-json\/wp\/v2\/types\/page"}],"author":[{"embeddable":true,"href":"https:\/\/dosmaresgesell.com.ar\/villa-gesell\/wp-json\/wp\/v2\/users\/1"}],"replies":[{"embeddable":true,"href":"https:\/\/dosmaresgesell.com.ar\/villa-gesell\/wp-json\/wp\/v2\/comments?post=112"}],"version-history":[{"count":5,"href":"https:\/\/dosmaresgesell.com.ar\/villa-gesell\/wp-json\/wp\/v2\/pages\/112\/revisions"}],"predecessor-version":[{"id":196,"href":"https:\/\/dosmaresgesell.com.ar\/villa-gesell\/wp-json\/wp\/v2\/pages\/112\/revisions\/196"}],"wp:attachment":[{"href":"https:\/\/dosmaresgesell.com.ar\/villa-gesell\/wp-json\/wp\/v2\/media?parent=112"}],"curies":[{"name":"wp","href":"https:\/\/api.w.org\/{rel}","templated":true}]}}