{"id":115,"date":"2015-11-09T00:58:04","date_gmt":"2015-11-09T00:58:04","guid":{"rendered":"http:\/\/dosmaresgesell.com.ar\/villa-gesell\/?page_id=115"},"modified":"2023-09-12T14:24:33","modified_gmt":"2023-09-12T14:24:33","slug":"duplex-6-y-7","status":"publish","type":"page","link":"https:\/\/dosmaresgesell.com.ar\/villa-gesell\/duplex-6-y-7\/","title":{"rendered":"Duplex 6 y 7"},"content":{"rendered":"<h3>Capacidad 4\u00a0o 6 personas<\/h3>\n<p><strong>Planta Baja:<\/strong> Cocina &#8211; Comedor &#8211; Living (con sill\u00f3n cama para 2 personas) LCD \u00bb 32 \u00a0y toilette.<br \/><strong>Planta Alta:<\/strong> 1 Habitacion matrimonial con sommier, LCD 32&#8243;, 1 habitaci\u00f3n doble con sommier y LCD y 1 ba\u00f1o con ducha.<br \/>Ventiladores de techo en las habitaciones &#8211; Calefacci\u00f3n<\/p>\n<p>Estos duplex dan al frente del complejo. Alarma.<\/p>\n<p>\u00a0<\/p>\n<p>[URIS id=44]<\/p>\n\n\n<figure class=\"wp-block-gallery has-nested-images columns-default is-cropped wp-block-gallery-1 is-layout-flex wp-block-gallery-is-layout-flex\">\n<figure class=\"wp-block-image size-large\"><a href=\"https:\/\/dosmaresgesell.com.ar\/villa-gesell\/wp-content\/uploads\/2023\/09\/DSC0093.jpg\"><img loading=\"lazy\" decoding=\"async\" width=\"960\" height=\"644\" data-id=\"184\" src=\"https:\/\/dosmaresgesell.com.ar\/villa-gesell\/wp-content\/uploads\/2023\/09\/DSC0093.jpg\" alt=\"\" class=\"wp-image-184\" srcset=\"https:\/\/dosmaresgesell.com.ar\/villa-gesell\/wp-content\/uploads\/2023\/09\/DSC0093.jpg 960w, https:\/\/dosmaresgesell.com.ar\/villa-gesell\/wp-content\/uploads\/2023\/09\/DSC0093-300x201.jpg 300w, https:\/\/dosmaresgesell.com.ar\/villa-gesell\/wp-content\/uploads\/2023\/09\/DSC0093-768x515.jpg 768w\" sizes=\"auto, (max-width: 960px) 100vw, 960px\" \/><\/a><\/figure>\n\n\n\n<figure class=\"wp-block-image size-large\"><a href=\"https:\/\/dosmaresgesell.com.ar\/villa-gesell\/wp-content\/uploads\/2023\/09\/DSC0094.jpg\"><img loading=\"lazy\" decoding=\"async\" width=\"960\" height=\"644\" data-id=\"190\" src=\"https:\/\/dosmaresgesell.com.ar\/villa-gesell\/wp-content\/uploads\/2023\/09\/DSC0094.jpg\" alt=\"\" class=\"wp-image-190\" srcset=\"https:\/\/dosmaresgesell.com.ar\/villa-gesell\/wp-content\/uploads\/2023\/09\/DSC0094.jpg 960w, https:\/\/dosmaresgesell.com.ar\/villa-gesell\/wp-content\/uploads\/2023\/09\/DSC0094-300x201.jpg 300w, https:\/\/dosmaresgesell.com.ar\/villa-gesell\/wp-content\/uploads\/2023\/09\/DSC0094-768x515.jpg 768w\" sizes=\"auto, (max-width: 960px) 100vw, 960px\" \/><\/a><\/figure>\n\n\n\n<figure class=\"wp-block-image size-large\"><a href=\"https:\/\/dosmaresgesell.com.ar\/villa-gesell\/wp-content\/uploads\/2023\/09\/DSC0095.jpg\"><img loading=\"lazy\" decoding=\"async\" width=\"960\" height=\"644\" data-id=\"189\" src=\"https:\/\/dosmaresgesell.com.ar\/villa-gesell\/wp-content\/uploads\/2023\/09\/DSC0095.jpg\" alt=\"\" class=\"wp-image-189\" srcset=\"https:\/\/dosmaresgesell.com.ar\/villa-gesell\/wp-content\/uploads\/2023\/09\/DSC0095.jpg 960w, https:\/\/dosmaresgesell.com.ar\/villa-gesell\/wp-content\/uploads\/2023\/09\/DSC0095-300x201.jpg 300w, https:\/\/dosmaresgesell.com.ar\/villa-gesell\/wp-content\/uploads\/2023\/09\/DSC0095-768x515.jpg 768w\" sizes=\"auto, (max-width: 960px) 100vw, 960px\" \/><\/a><\/figure>\n\n\n\n<figure class=\"wp-block-image size-large\"><a href=\"https:\/\/dosmaresgesell.com.ar\/villa-gesell\/wp-content\/uploads\/2023\/09\/DSC0098.jpg\"><img loading=\"lazy\" decoding=\"async\" width=\"960\" height=\"644\" data-id=\"181\" src=\"https:\/\/dosmaresgesell.com.ar\/villa-gesell\/wp-content\/uploads\/2023\/09\/DSC0098.jpg\" alt=\"\" class=\"wp-image-181\" srcset=\"https:\/\/dosmaresgesell.com.ar\/villa-gesell\/wp-content\/uploads\/2023\/09\/DSC0098.jpg 960w, https:\/\/dosmaresgesell.com.ar\/villa-gesell\/wp-content\/uploads\/2023\/09\/DSC0098-300x201.jpg 300w, https:\/\/dosmaresgesell.com.ar\/villa-gesell\/wp-content\/uploads\/2023\/09\/DSC0098-768x515.jpg 768w\" sizes=\"auto, (max-width: 960px) 100vw, 960px\" \/><\/a><\/figure>\n\n\n\n<figure class=\"wp-block-image size-large\"><a href=\"https:\/\/dosmaresgesell.com.ar\/villa-gesell\/wp-content\/uploads\/2023\/09\/DSC0099.jpg\"><img loading=\"lazy\" decoding=\"async\" width=\"960\" height=\"644\" data-id=\"187\" src=\"https:\/\/dosmaresgesell.com.ar\/villa-gesell\/wp-content\/uploads\/2023\/09\/DSC0099.jpg\" alt=\"\" class=\"wp-image-187\" srcset=\"https:\/\/dosmaresgesell.com.ar\/villa-gesell\/wp-content\/uploads\/2023\/09\/DSC0099.jpg 960w, https:\/\/dosmaresgesell.com.ar\/villa-gesell\/wp-content\/uploads\/2023\/09\/DSC0099-300x201.jpg 300w, https:\/\/dosmaresgesell.com.ar\/villa-gesell\/wp-content\/uploads\/2023\/09\/DSC0099-768x515.jpg 768w\" sizes=\"auto, (max-width: 960px) 100vw, 960px\" \/><\/a><\/figure>\n\n\n\n<figure class=\"wp-block-image size-large\"><a href=\"https:\/\/dosmaresgesell.com.ar\/villa-gesell\/wp-content\/uploads\/2023\/09\/DSC0100.jpg\"><img loading=\"lazy\" decoding=\"async\" width=\"960\" height=\"644\" data-id=\"188\" src=\"https:\/\/dosmaresgesell.com.ar\/villa-gesell\/wp-content\/uploads\/2023\/09\/DSC0100.jpg\" alt=\"\" class=\"wp-image-188\" srcset=\"https:\/\/dosmaresgesell.com.ar\/villa-gesell\/wp-content\/uploads\/2023\/09\/DSC0100.jpg 960w, https:\/\/dosmaresgesell.com.ar\/villa-gesell\/wp-content\/uploads\/2023\/09\/DSC0100-300x201.jpg 300w, https:\/\/dosmaresgesell.com.ar\/villa-gesell\/wp-content\/uploads\/2023\/09\/DSC0100-768x515.jpg 768w\" sizes=\"auto, (max-width: 960px) 100vw, 960px\" \/><\/a><\/figure>\n\n\n\n<figure class=\"wp-block-image size-large\"><a href=\"https:\/\/dosmaresgesell.com.ar\/villa-gesell\/wp-content\/uploads\/2023\/09\/DSC0101-1.jpg\"><img loading=\"lazy\" decoding=\"async\" width=\"960\" height=\"644\" data-id=\"182\" src=\"https:\/\/dosmaresgesell.com.ar\/villa-gesell\/wp-content\/uploads\/2023\/09\/DSC0101-1.jpg\" alt=\"\" class=\"wp-image-182\" srcset=\"https:\/\/dosmaresgesell.com.ar\/villa-gesell\/wp-content\/uploads\/2023\/09\/DSC0101-1.jpg 960w, https:\/\/dosmaresgesell.com.ar\/villa-gesell\/wp-content\/uploads\/2023\/09\/DSC0101-1-300x201.jpg 300w, https:\/\/dosmaresgesell.com.ar\/villa-gesell\/wp-content\/uploads\/2023\/09\/DSC0101-1-768x515.jpg 768w\" sizes=\"auto, (max-width: 960px) 100vw, 960px\" \/><\/a><\/figure>\n\n\n\n<figure class=\"wp-block-image size-large\"><a href=\"https:\/\/dosmaresgesell.com.ar\/villa-gesell\/wp-content\/uploads\/2023\/09\/DSC0102.jpg\"><img loading=\"lazy\" decoding=\"async\" width=\"644\" height=\"960\" data-id=\"186\" src=\"https:\/\/dosmaresgesell.com.ar\/villa-gesell\/wp-content\/uploads\/2023\/09\/DSC0102.jpg\" alt=\"\" class=\"wp-image-186\" srcset=\"https:\/\/dosmaresgesell.com.ar\/villa-gesell\/wp-content\/uploads\/2023\/09\/DSC0102.jpg 644w, https:\/\/dosmaresgesell.com.ar\/villa-gesell\/wp-content\/uploads\/2023\/09\/DSC0102-201x300.jpg 201w\" sizes=\"auto, (max-width: 644px) 100vw, 644px\" \/><\/a><\/figure>\n\n\n\n<figure class=\"wp-block-image size-large\"><a href=\"https:\/\/dosmaresgesell.com.ar\/villa-gesell\/wp-content\/uploads\/2023\/09\/DSC0103.jpg\"><img loading=\"lazy\" decoding=\"async\" width=\"960\" height=\"644\" data-id=\"179\" src=\"https:\/\/dosmaresgesell.com.ar\/villa-gesell\/wp-content\/uploads\/2023\/09\/DSC0103.jpg\" alt=\"\" class=\"wp-image-179\" srcset=\"https:\/\/dosmaresgesell.com.ar\/villa-gesell\/wp-content\/uploads\/2023\/09\/DSC0103.jpg 960w, https:\/\/dosmaresgesell.com.ar\/villa-gesell\/wp-content\/uploads\/2023\/09\/DSC0103-300x201.jpg 300w, https:\/\/dosmaresgesell.com.ar\/villa-gesell\/wp-content\/uploads\/2023\/09\/DSC0103-768x515.jpg 768w\" sizes=\"auto, (max-width: 960px) 100vw, 960px\" \/><\/a><\/figure>\n\n\n\n<figure class=\"wp-block-image size-large\"><a href=\"https:\/\/dosmaresgesell.com.ar\/villa-gesell\/wp-content\/uploads\/2023\/09\/DSC0105.jpg\"><img loading=\"lazy\" decoding=\"async\" width=\"644\" height=\"960\" data-id=\"183\" src=\"https:\/\/dosmaresgesell.com.ar\/villa-gesell\/wp-content\/uploads\/2023\/09\/DSC0105.jpg\" alt=\"\" class=\"wp-image-183\" srcset=\"https:\/\/dosmaresgesell.com.ar\/villa-gesell\/wp-content\/uploads\/2023\/09\/DSC0105.jpg 644w, https:\/\/dosmaresgesell.com.ar\/villa-gesell\/wp-content\/uploads\/2023\/09\/DSC0105-201x300.jpg 201w\" sizes=\"auto, (max-width: 644px) 100vw, 644px\" \/><\/a><\/figure>\n\n\n\n<figure class=\"wp-block-image size-large\"><a href=\"https:\/\/dosmaresgesell.com.ar\/villa-gesell\/wp-content\/uploads\/2023\/09\/DSC0107.jpg\"><img loading=\"lazy\" decoding=\"async\" width=\"960\" height=\"644\" data-id=\"178\" src=\"https:\/\/dosmaresgesell.com.ar\/villa-gesell\/wp-content\/uploads\/2023\/09\/DSC0107.jpg\" alt=\"\" class=\"wp-image-178\" srcset=\"https:\/\/dosmaresgesell.com.ar\/villa-gesell\/wp-content\/uploads\/2023\/09\/DSC0107.jpg 960w, https:\/\/dosmaresgesell.com.ar\/villa-gesell\/wp-content\/uploads\/2023\/09\/DSC0107-300x201.jpg 300w, https:\/\/dosmaresgesell.com.ar\/villa-gesell\/wp-content\/uploads\/2023\/09\/DSC0107-768x515.jpg 768w\" sizes=\"auto, (max-width: 960px) 100vw, 960px\" \/><\/a><\/figure>\n\n\n\n<figure class=\"wp-block-image size-large\"><a href=\"https:\/\/dosmaresgesell.com.ar\/villa-gesell\/wp-content\/uploads\/2023\/09\/DSC0109.jpg\"><img loading=\"lazy\" decoding=\"async\" width=\"960\" height=\"644\" data-id=\"185\" src=\"https:\/\/dosmaresgesell.com.ar\/villa-gesell\/wp-content\/uploads\/2023\/09\/DSC0109.jpg\" alt=\"\" class=\"wp-image-185\" srcset=\"https:\/\/dosmaresgesell.com.ar\/villa-gesell\/wp-content\/uploads\/2023\/09\/DSC0109.jpg 960w, https:\/\/dosmaresgesell.com.ar\/villa-gesell\/wp-content\/uploads\/2023\/09\/DSC0109-300x201.jpg 300w, https:\/\/dosmaresgesell.com.ar\/villa-gesell\/wp-content\/uploads\/2023\/09\/DSC0109-768x515.jpg 768w\" sizes=\"auto, (max-width: 960px) 100vw, 960px\" \/><\/a><\/figure>\n<\/figure>\n","protected":false},"excerpt":{"rendered":"<p>Capacidad 4\u00a0o 6 personas Planta Baja: Cocina &#8211; Comedor &#8211; Living (con sill\u00f3n cama para 2 personas) LCD \u00bb 32 \u00a0y toilette.Planta Alta: 1 Habitacion matrimonial con sommier, LCD 32&#8243;, 1 habitaci\u00f3n doble con sommier y LCD y 1 ba\u00f1o con ducha.Ventiladores de techo en las habitaciones &#8211; Calefacci\u00f3n Estos duplex dan al frente del [&hellip;]<\/p>\n","protected":false},"author":1,"featured_media":0,"parent":0,"menu_order":0,"comment_status":"closed","ping_status":"closed","template":"","meta":{"footnotes":""},"class_list":["post-115","page","type-page","status-publish","hentry"],"_links":{"self":[{"href":"https:\/\/dosmaresgesell.com.ar\/villa-gesell\/wp-json\/wp\/v2\/pages\/115","targetHints":{"allow":["GET"]}}],"collection":[{"href":"https:\/\/dosmaresgesell.com.ar\/villa-gesell\/wp-json\/wp\/v2\/pages"}],"about":[{"href":"https:\/\/dosmaresgesell.com.ar\/villa-gesell\/wp-json\/wp\/v2\/types\/page"}],"author":[{"embeddable":true,"href":"https:\/\/dosmaresgesell.com.ar\/villa-gesell\/wp-json\/wp\/v2\/users\/1"}],"replies":[{"embeddable":true,"href":"https:\/\/dosmaresgesell.com.ar\/villa-gesell\/wp-json\/wp\/v2\/comments?post=115"}],"version-history":[{"count":5,"href":"https:\/\/dosmaresgesell.com.ar\/villa-gesell\/wp-json\/wp\/v2\/pages\/115\/revisions"}],"predecessor-version":[{"id":191,"href":"https:\/\/dosmaresgesell.com.ar\/villa-gesell\/wp-json\/wp\/v2\/pages\/115\/revisions\/191"}],"wp:attachment":[{"href":"https:\/\/dosmaresgesell.com.ar\/villa-gesell\/wp-json\/wp\/v2\/media?parent=115"}],"curies":[{"name":"wp","href":"https:\/\/api.w.org\/{rel}","templated":true}]}}