{"id":25,"date":"2015-10-27T23:27:24","date_gmt":"2015-10-27T23:27:24","guid":{"rendered":"http:\/\/dosmaresgesell.com.ar\/villa-gesell\/?page_id=25"},"modified":"2023-09-12T18:49:46","modified_gmt":"2023-09-12T18:49:46","slug":"servicios","status":"publish","type":"page","link":"https:\/\/dosmaresgesell.com.ar\/villa-gesell\/servicios\/","title":{"rendered":"Servicios"},"content":{"rendered":"<p><strong>Contamos con:<\/strong><br \/>Cochera Cerrada y amplia con lugar para cuatriciclos y\/o trailers &#8211; T.V. con Cable &#8211; Conexi\u00f3n Internet Wi-Fi en todo el complejo &#8211; Gas natural &#8211; Heladeras con freezer &#8211; Microondas &#8211; Vajilla y bater\u00eda de cocina completa, Cafeteras y tostadoras el\u00e9ctricas &#8211; Cajas de seguridad &#8211; Amplio quincho con parrilla para compartir &#8211; Lavarropas semi-autom\u00e1tico compartido &#8211; C\u00e1maras de seguridad en todo el complejo.<\/p>\n<p>Recuerde traer su ajuar de ropa blanca, Consulte si desea traer su mascota.<\/p>\n<p>Solo alquilamos a familias, ambiente familiar.<br \/><strong>Durante Enero y Febrero:<\/strong> Alquileres quincenales o mensuales.<\/p>\n<p><strong>Abierto todo el a\u00f1o.. y fines de semanas.<\/strong><\/p>\n<p>[URIS id=7]<\/p>\n<h3>\u00a0<\/h3>\n\n\n<figure class=\"wp-block-gallery has-nested-images columns-default is-cropped wp-block-gallery-1 is-layout-flex wp-block-gallery-is-layout-flex\">\n<figure class=\"wp-block-image size-large\"><a href=\"https:\/\/dosmaresgesell.com.ar\/villa-gesell\/wp-content\/uploads\/2023\/09\/WhatsApp-Image-2023-09-12-at-15.33.48.jpeg\"><img loading=\"lazy\" decoding=\"async\" width=\"1024\" height=\"768\" data-id=\"201\" src=\"https:\/\/dosmaresgesell.com.ar\/villa-gesell\/wp-content\/uploads\/2023\/09\/WhatsApp-Image-2023-09-12-at-15.33.48-1024x768.jpeg\" alt=\"\" class=\"wp-image-201\" srcset=\"https:\/\/dosmaresgesell.com.ar\/villa-gesell\/wp-content\/uploads\/2023\/09\/WhatsApp-Image-2023-09-12-at-15.33.48-1024x768.jpeg 1024w, https:\/\/dosmaresgesell.com.ar\/villa-gesell\/wp-content\/uploads\/2023\/09\/WhatsApp-Image-2023-09-12-at-15.33.48-300x225.jpeg 300w, https:\/\/dosmaresgesell.com.ar\/villa-gesell\/wp-content\/uploads\/2023\/09\/WhatsApp-Image-2023-09-12-at-15.33.48-768x576.jpeg 768w, https:\/\/dosmaresgesell.com.ar\/villa-gesell\/wp-content\/uploads\/2023\/09\/WhatsApp-Image-2023-09-12-at-15.33.48-1536x1152.jpeg 1536w, https:\/\/dosmaresgesell.com.ar\/villa-gesell\/wp-content\/uploads\/2023\/09\/WhatsApp-Image-2023-09-12-at-15.33.48-135x100.jpeg 135w, https:\/\/dosmaresgesell.com.ar\/villa-gesell\/wp-content\/uploads\/2023\/09\/WhatsApp-Image-2023-09-12-at-15.33.48.jpeg 1600w\" sizes=\"auto, (max-width: 1024px) 100vw, 1024px\" \/><\/a><\/figure>\n\n\n\n<figure class=\"wp-block-image size-large\"><a href=\"https:\/\/dosmaresgesell.com.ar\/villa-gesell\/wp-content\/uploads\/2023\/09\/WhatsApp-Image-2023-09-12-at-15.33.49.jpeg\"><img loading=\"lazy\" decoding=\"async\" width=\"985\" height=\"720\" data-id=\"198\" src=\"https:\/\/dosmaresgesell.com.ar\/villa-gesell\/wp-content\/uploads\/2023\/09\/WhatsApp-Image-2023-09-12-at-15.33.49.jpeg\" alt=\"\" class=\"wp-image-198\" srcset=\"https:\/\/dosmaresgesell.com.ar\/villa-gesell\/wp-content\/uploads\/2023\/09\/WhatsApp-Image-2023-09-12-at-15.33.49.jpeg 985w, https:\/\/dosmaresgesell.com.ar\/villa-gesell\/wp-content\/uploads\/2023\/09\/WhatsApp-Image-2023-09-12-at-15.33.49-300x219.jpeg 300w, https:\/\/dosmaresgesell.com.ar\/villa-gesell\/wp-content\/uploads\/2023\/09\/WhatsApp-Image-2023-09-12-at-15.33.49-768x561.jpeg 768w, https:\/\/dosmaresgesell.com.ar\/villa-gesell\/wp-content\/uploads\/2023\/09\/WhatsApp-Image-2023-09-12-at-15.33.49-135x100.jpeg 135w\" sizes=\"auto, (max-width: 985px) 100vw, 985px\" \/><\/a><\/figure>\n\n\n\n<figure class=\"wp-block-image size-large\"><a href=\"https:\/\/dosmaresgesell.com.ar\/villa-gesell\/wp-content\/uploads\/2023\/09\/WhatsApp-Image-2023-09-12-at-15.34.48-1.jpeg\"><img loading=\"lazy\" decoding=\"async\" width=\"768\" height=\"1024\" data-id=\"204\" src=\"https:\/\/dosmaresgesell.com.ar\/villa-gesell\/wp-content\/uploads\/2023\/09\/WhatsApp-Image-2023-09-12-at-15.34.48-1-768x1024.jpeg\" alt=\"\" class=\"wp-image-204\" srcset=\"https:\/\/dosmaresgesell.com.ar\/villa-gesell\/wp-content\/uploads\/2023\/09\/WhatsApp-Image-2023-09-12-at-15.34.48-1-768x1024.jpeg 768w, https:\/\/dosmaresgesell.com.ar\/villa-gesell\/wp-content\/uploads\/2023\/09\/WhatsApp-Image-2023-09-12-at-15.34.48-1-225x300.jpeg 225w, https:\/\/dosmaresgesell.com.ar\/villa-gesell\/wp-content\/uploads\/2023\/09\/WhatsApp-Image-2023-09-12-at-15.34.48-1-1152x1536.jpeg 1152w, https:\/\/dosmaresgesell.com.ar\/villa-gesell\/wp-content\/uploads\/2023\/09\/WhatsApp-Image-2023-09-12-at-15.34.48-1.jpeg 1200w\" sizes=\"auto, (max-width: 768px) 100vw, 768px\" \/><\/a><\/figure>\n\n\n\n<figure class=\"wp-block-image size-large\"><a href=\"https:\/\/dosmaresgesell.com.ar\/villa-gesell\/wp-content\/uploads\/2023\/09\/WhatsApp-Image-2023-09-12-at-15.34.48-2.jpeg\"><img loading=\"lazy\" decoding=\"async\" width=\"1024\" height=\"768\" data-id=\"199\" src=\"https:\/\/dosmaresgesell.com.ar\/villa-gesell\/wp-content\/uploads\/2023\/09\/WhatsApp-Image-2023-09-12-at-15.34.48-2-1024x768.jpeg\" alt=\"\" class=\"wp-image-199\" srcset=\"https:\/\/dosmaresgesell.com.ar\/villa-gesell\/wp-content\/uploads\/2023\/09\/WhatsApp-Image-2023-09-12-at-15.34.48-2-1024x768.jpeg 1024w, https:\/\/dosmaresgesell.com.ar\/villa-gesell\/wp-content\/uploads\/2023\/09\/WhatsApp-Image-2023-09-12-at-15.34.48-2-300x225.jpeg 300w, https:\/\/dosmaresgesell.com.ar\/villa-gesell\/wp-content\/uploads\/2023\/09\/WhatsApp-Image-2023-09-12-at-15.34.48-2-768x576.jpeg 768w, https:\/\/dosmaresgesell.com.ar\/villa-gesell\/wp-content\/uploads\/2023\/09\/WhatsApp-Image-2023-09-12-at-15.34.48-2-1536x1152.jpeg 1536w, https:\/\/dosmaresgesell.com.ar\/villa-gesell\/wp-content\/uploads\/2023\/09\/WhatsApp-Image-2023-09-12-at-15.34.48-2-135x100.jpeg 135w, https:\/\/dosmaresgesell.com.ar\/villa-gesell\/wp-content\/uploads\/2023\/09\/WhatsApp-Image-2023-09-12-at-15.34.48-2.jpeg 1600w\" sizes=\"auto, (max-width: 1024px) 100vw, 1024px\" \/><\/a><\/figure>\n\n\n\n<figure class=\"wp-block-image size-large\"><a href=\"https:\/\/dosmaresgesell.com.ar\/villa-gesell\/wp-content\/uploads\/2023\/09\/WhatsApp-Image-2023-09-12-at-15.34.48.jpeg\"><img loading=\"lazy\" decoding=\"async\" width=\"768\" height=\"1024\" data-id=\"202\" src=\"https:\/\/dosmaresgesell.com.ar\/villa-gesell\/wp-content\/uploads\/2023\/09\/WhatsApp-Image-2023-09-12-at-15.34.48-768x1024.jpeg\" alt=\"\" class=\"wp-image-202\" srcset=\"https:\/\/dosmaresgesell.com.ar\/villa-gesell\/wp-content\/uploads\/2023\/09\/WhatsApp-Image-2023-09-12-at-15.34.48-768x1024.jpeg 768w, https:\/\/dosmaresgesell.com.ar\/villa-gesell\/wp-content\/uploads\/2023\/09\/WhatsApp-Image-2023-09-12-at-15.34.48-225x300.jpeg 225w, https:\/\/dosmaresgesell.com.ar\/villa-gesell\/wp-content\/uploads\/2023\/09\/WhatsApp-Image-2023-09-12-at-15.34.48-1152x1536.jpeg 1152w, https:\/\/dosmaresgesell.com.ar\/villa-gesell\/wp-content\/uploads\/2023\/09\/WhatsApp-Image-2023-09-12-at-15.34.48.jpeg 1200w\" sizes=\"auto, (max-width: 768px) 100vw, 768px\" \/><\/a><\/figure>\n\n\n\n<figure class=\"wp-block-image size-large\"><a href=\"https:\/\/dosmaresgesell.com.ar\/villa-gesell\/wp-content\/uploads\/2023\/09\/WhatsApp-Image-2023-09-12-at-15.34.49.jpeg\"><img loading=\"lazy\" decoding=\"async\" width=\"1024\" height=\"768\" data-id=\"203\" src=\"https:\/\/dosmaresgesell.com.ar\/villa-gesell\/wp-content\/uploads\/2023\/09\/WhatsApp-Image-2023-09-12-at-15.34.49-1024x768.jpeg\" alt=\"\" class=\"wp-image-203\" srcset=\"https:\/\/dosmaresgesell.com.ar\/villa-gesell\/wp-content\/uploads\/2023\/09\/WhatsApp-Image-2023-09-12-at-15.34.49-1024x768.jpeg 1024w, https:\/\/dosmaresgesell.com.ar\/villa-gesell\/wp-content\/uploads\/2023\/09\/WhatsApp-Image-2023-09-12-at-15.34.49-300x225.jpeg 300w, https:\/\/dosmaresgesell.com.ar\/villa-gesell\/wp-content\/uploads\/2023\/09\/WhatsApp-Image-2023-09-12-at-15.34.49-768x576.jpeg 768w, https:\/\/dosmaresgesell.com.ar\/villa-gesell\/wp-content\/uploads\/2023\/09\/WhatsApp-Image-2023-09-12-at-15.34.49-1536x1152.jpeg 1536w, https:\/\/dosmaresgesell.com.ar\/villa-gesell\/wp-content\/uploads\/2023\/09\/WhatsApp-Image-2023-09-12-at-15.34.49-135x100.jpeg 135w, https:\/\/dosmaresgesell.com.ar\/villa-gesell\/wp-content\/uploads\/2023\/09\/WhatsApp-Image-2023-09-12-at-15.34.49.jpeg 1600w\" sizes=\"auto, (max-width: 1024px) 100vw, 1024px\" \/><\/a><\/figure>\n\n\n\n<figure class=\"wp-block-image size-large\"><a href=\"https:\/\/dosmaresgesell.com.ar\/villa-gesell\/wp-content\/uploads\/2023\/09\/WhatsApp-Image-2023-09-12-at-15.34.50-1.jpeg\"><img loading=\"lazy\" decoding=\"async\" width=\"1024\" height=\"768\" data-id=\"200\" src=\"https:\/\/dosmaresgesell.com.ar\/villa-gesell\/wp-content\/uploads\/2023\/09\/WhatsApp-Image-2023-09-12-at-15.34.50-1-1024x768.jpeg\" alt=\"\" class=\"wp-image-200\" srcset=\"https:\/\/dosmaresgesell.com.ar\/villa-gesell\/wp-content\/uploads\/2023\/09\/WhatsApp-Image-2023-09-12-at-15.34.50-1-1024x768.jpeg 1024w, https:\/\/dosmaresgesell.com.ar\/villa-gesell\/wp-content\/uploads\/2023\/09\/WhatsApp-Image-2023-09-12-at-15.34.50-1-300x225.jpeg 300w, https:\/\/dosmaresgesell.com.ar\/villa-gesell\/wp-content\/uploads\/2023\/09\/WhatsApp-Image-2023-09-12-at-15.34.50-1-768x576.jpeg 768w, https:\/\/dosmaresgesell.com.ar\/villa-gesell\/wp-content\/uploads\/2023\/09\/WhatsApp-Image-2023-09-12-at-15.34.50-1-1536x1152.jpeg 1536w, https:\/\/dosmaresgesell.com.ar\/villa-gesell\/wp-content\/uploads\/2023\/09\/WhatsApp-Image-2023-09-12-at-15.34.50-1-135x100.jpeg 135w, https:\/\/dosmaresgesell.com.ar\/villa-gesell\/wp-content\/uploads\/2023\/09\/WhatsApp-Image-2023-09-12-at-15.34.50-1.jpeg 1600w\" sizes=\"auto, (max-width: 1024px) 100vw, 1024px\" \/><\/a><\/figure>\n\n\n\n<figure class=\"wp-block-image size-large\"><a href=\"https:\/\/dosmaresgesell.com.ar\/villa-gesell\/wp-content\/uploads\/2023\/09\/WhatsApp-Image-2023-09-12-at-15.34.50.jpeg\"><img loading=\"lazy\" decoding=\"async\" width=\"1024\" height=\"768\" data-id=\"197\" src=\"https:\/\/dosmaresgesell.com.ar\/villa-gesell\/wp-content\/uploads\/2023\/09\/WhatsApp-Image-2023-09-12-at-15.34.50-1024x768.jpeg\" alt=\"\" class=\"wp-image-197\" srcset=\"https:\/\/dosmaresgesell.com.ar\/villa-gesell\/wp-content\/uploads\/2023\/09\/WhatsApp-Image-2023-09-12-at-15.34.50-1024x768.jpeg 1024w, https:\/\/dosmaresgesell.com.ar\/villa-gesell\/wp-content\/uploads\/2023\/09\/WhatsApp-Image-2023-09-12-at-15.34.50-300x225.jpeg 300w, https:\/\/dosmaresgesell.com.ar\/villa-gesell\/wp-content\/uploads\/2023\/09\/WhatsApp-Image-2023-09-12-at-15.34.50-768x576.jpeg 768w, https:\/\/dosmaresgesell.com.ar\/villa-gesell\/wp-content\/uploads\/2023\/09\/WhatsApp-Image-2023-09-12-at-15.34.50-1536x1152.jpeg 1536w, https:\/\/dosmaresgesell.com.ar\/villa-gesell\/wp-content\/uploads\/2023\/09\/WhatsApp-Image-2023-09-12-at-15.34.50-135x100.jpeg 135w, https:\/\/dosmaresgesell.com.ar\/villa-gesell\/wp-content\/uploads\/2023\/09\/WhatsApp-Image-2023-09-12-at-15.34.50.jpeg 1600w\" sizes=\"auto, (max-width: 1024px) 100vw, 1024px\" \/><\/a><\/figure>\n\n\n\n<figure class=\"wp-block-image size-large\"><a href=\"https:\/\/dosmaresgesell.com.ar\/villa-gesell\/wp-content\/uploads\/2023\/09\/WhatsApp-Image-2023-09-12-at-15.34.51-1.jpeg\"><img loading=\"lazy\" decoding=\"async\" width=\"768\" height=\"1024\" data-id=\"205\" src=\"https:\/\/dosmaresgesell.com.ar\/villa-gesell\/wp-content\/uploads\/2023\/09\/WhatsApp-Image-2023-09-12-at-15.34.51-1-768x1024.jpeg\" alt=\"\" class=\"wp-image-205\" srcset=\"https:\/\/dosmaresgesell.com.ar\/villa-gesell\/wp-content\/uploads\/2023\/09\/WhatsApp-Image-2023-09-12-at-15.34.51-1-768x1024.jpeg 768w, https:\/\/dosmaresgesell.com.ar\/villa-gesell\/wp-content\/uploads\/2023\/09\/WhatsApp-Image-2023-09-12-at-15.34.51-1-225x300.jpeg 225w, https:\/\/dosmaresgesell.com.ar\/villa-gesell\/wp-content\/uploads\/2023\/09\/WhatsApp-Image-2023-09-12-at-15.34.51-1-1152x1536.jpeg 1152w, https:\/\/dosmaresgesell.com.ar\/villa-gesell\/wp-content\/uploads\/2023\/09\/WhatsApp-Image-2023-09-12-at-15.34.51-1.jpeg 1200w\" sizes=\"auto, (max-width: 768px) 100vw, 768px\" \/><\/a><\/figure>\n\n\n\n<figure class=\"wp-block-image size-large\"><a href=\"https:\/\/dosmaresgesell.com.ar\/villa-gesell\/wp-content\/uploads\/2017\/10\/DSCN5808.jpg\"><img loading=\"lazy\" decoding=\"async\" width=\"1024\" height=\"768\" data-id=\"141\" src=\"https:\/\/dosmaresgesell.com.ar\/villa-gesell\/wp-content\/uploads\/2017\/10\/DSCN5808-1024x768.jpg\" alt=\"\" class=\"wp-image-141\" srcset=\"https:\/\/dosmaresgesell.com.ar\/villa-gesell\/wp-content\/uploads\/2017\/10\/DSCN5808-1024x768.jpg 1024w, https:\/\/dosmaresgesell.com.ar\/villa-gesell\/wp-content\/uploads\/2017\/10\/DSCN5808-300x225.jpg 300w, https:\/\/dosmaresgesell.com.ar\/villa-gesell\/wp-content\/uploads\/2017\/10\/DSCN5808-768x576.jpg 768w, https:\/\/dosmaresgesell.com.ar\/villa-gesell\/wp-content\/uploads\/2017\/10\/DSCN5808-500x375.jpg 500w, https:\/\/dosmaresgesell.com.ar\/villa-gesell\/wp-content\/uploads\/2017\/10\/DSCN5808-135x100.jpg 135w\" sizes=\"auto, (max-width: 1024px) 100vw, 1024px\" \/><\/a><\/figure>\n\n\n\n<figure class=\"wp-block-image size-large\"><a href=\"https:\/\/dosmaresgesell.com.ar\/villa-gesell\/wp-content\/uploads\/2017\/10\/DSCN5806.jpg\"><img loading=\"lazy\" decoding=\"async\" width=\"1024\" height=\"768\" data-id=\"140\" src=\"https:\/\/dosmaresgesell.com.ar\/villa-gesell\/wp-content\/uploads\/2017\/10\/DSCN5806-1024x768.jpg\" alt=\"\" class=\"wp-image-140\" srcset=\"https:\/\/dosmaresgesell.com.ar\/villa-gesell\/wp-content\/uploads\/2017\/10\/DSCN5806-1024x768.jpg 1024w, https:\/\/dosmaresgesell.com.ar\/villa-gesell\/wp-content\/uploads\/2017\/10\/DSCN5806-300x225.jpg 300w, https:\/\/dosmaresgesell.com.ar\/villa-gesell\/wp-content\/uploads\/2017\/10\/DSCN5806-768x576.jpg 768w, https:\/\/dosmaresgesell.com.ar\/villa-gesell\/wp-content\/uploads\/2017\/10\/DSCN5806-500x375.jpg 500w, https:\/\/dosmaresgesell.com.ar\/villa-gesell\/wp-content\/uploads\/2017\/10\/DSCN5806-135x100.jpg 135w\" sizes=\"auto, (max-width: 1024px) 100vw, 1024px\" \/><\/a><\/figure>\n\n\n\n<figure class=\"wp-block-image size-large\"><a href=\"https:\/\/dosmaresgesell.com.ar\/villa-gesell\/wp-content\/uploads\/2017\/10\/DSCN5802.jpg\"><img loading=\"lazy\" decoding=\"async\" width=\"1024\" height=\"768\" data-id=\"139\" src=\"https:\/\/dosmaresgesell.com.ar\/villa-gesell\/wp-content\/uploads\/2017\/10\/DSCN5802-1024x768.jpg\" alt=\"\" class=\"wp-image-139\" srcset=\"https:\/\/dosmaresgesell.com.ar\/villa-gesell\/wp-content\/uploads\/2017\/10\/DSCN5802-1024x768.jpg 1024w, https:\/\/dosmaresgesell.com.ar\/villa-gesell\/wp-content\/uploads\/2017\/10\/DSCN5802-300x225.jpg 300w, https:\/\/dosmaresgesell.com.ar\/villa-gesell\/wp-content\/uploads\/2017\/10\/DSCN5802-768x576.jpg 768w, https:\/\/dosmaresgesell.com.ar\/villa-gesell\/wp-content\/uploads\/2017\/10\/DSCN5802-500x375.jpg 500w, https:\/\/dosmaresgesell.com.ar\/villa-gesell\/wp-content\/uploads\/2017\/10\/DSCN5802-135x100.jpg 135w\" sizes=\"auto, (max-width: 1024px) 100vw, 1024px\" \/><\/a><\/figure>\n\n\n\n<figure class=\"wp-block-image size-large\"><a href=\"https:\/\/dosmaresgesell.com.ar\/villa-gesell\/wp-content\/uploads\/2015\/11\/camara-vero-2015-059.jpg\"><img loading=\"lazy\" decoding=\"async\" width=\"1024\" height=\"768\" data-id=\"137\" src=\"https:\/\/dosmaresgesell.com.ar\/villa-gesell\/wp-content\/uploads\/2015\/11\/camara-vero-2015-059-1024x768.jpg\" alt=\"\" class=\"wp-image-137\" srcset=\"https:\/\/dosmaresgesell.com.ar\/villa-gesell\/wp-content\/uploads\/2015\/11\/camara-vero-2015-059-1024x768.jpg 1024w, https:\/\/dosmaresgesell.com.ar\/villa-gesell\/wp-content\/uploads\/2015\/11\/camara-vero-2015-059-300x225.jpg 300w, https:\/\/dosmaresgesell.com.ar\/villa-gesell\/wp-content\/uploads\/2015\/11\/camara-vero-2015-059-500x375.jpg 500w, https:\/\/dosmaresgesell.com.ar\/villa-gesell\/wp-content\/uploads\/2015\/11\/camara-vero-2015-059-135x100.jpg 135w\" sizes=\"auto, (max-width: 1024px) 100vw, 1024px\" \/><\/a><\/figure>\n\n\n\n<figure class=\"wp-block-image size-large\"><a href=\"https:\/\/dosmaresgesell.com.ar\/villa-gesell\/wp-content\/uploads\/2015\/11\/camara-vero-2015-045.jpg\"><img loading=\"lazy\" decoding=\"async\" width=\"1024\" height=\"768\" data-id=\"136\" src=\"https:\/\/dosmaresgesell.com.ar\/villa-gesell\/wp-content\/uploads\/2015\/11\/camara-vero-2015-045-1024x768.jpg\" alt=\"\" class=\"wp-image-136\" srcset=\"https:\/\/dosmaresgesell.com.ar\/villa-gesell\/wp-content\/uploads\/2015\/11\/camara-vero-2015-045-1024x768.jpg 1024w, https:\/\/dosmaresgesell.com.ar\/villa-gesell\/wp-content\/uploads\/2015\/11\/camara-vero-2015-045-300x225.jpg 300w, https:\/\/dosmaresgesell.com.ar\/villa-gesell\/wp-content\/uploads\/2015\/11\/camara-vero-2015-045-500x375.jpg 500w, https:\/\/dosmaresgesell.com.ar\/villa-gesell\/wp-content\/uploads\/2015\/11\/camara-vero-2015-045-135x100.jpg 135w\" sizes=\"auto, (max-width: 1024px) 100vw, 1024px\" \/><\/a><\/figure>\n\n\n\n<figure class=\"wp-block-image size-large\"><a href=\"https:\/\/dosmaresgesell.com.ar\/villa-gesell\/wp-content\/uploads\/2015\/11\/DSC0092.jpg\"><img loading=\"lazy\" decoding=\"async\" width=\"960\" height=\"644\" data-id=\"108\" src=\"https:\/\/dosmaresgesell.com.ar\/villa-gesell\/wp-content\/uploads\/2015\/11\/DSC0092.jpg\" alt=\"\" class=\"wp-image-108\" srcset=\"https:\/\/dosmaresgesell.com.ar\/villa-gesell\/wp-content\/uploads\/2015\/11\/DSC0092.jpg 960w, https:\/\/dosmaresgesell.com.ar\/villa-gesell\/wp-content\/uploads\/2015\/11\/DSC0092-300x201.jpg 300w, https:\/\/dosmaresgesell.com.ar\/villa-gesell\/wp-content\/uploads\/2015\/11\/DSC0092-500x335.jpg 500w\" sizes=\"auto, (max-width: 960px) 100vw, 960px\" \/><\/a><\/figure>\n\n\n\n<figure class=\"wp-block-image size-large\"><a href=\"https:\/\/dosmaresgesell.com.ar\/villa-gesell\/wp-content\/uploads\/2015\/11\/DSC0091.jpg\"><img loading=\"lazy\" decoding=\"async\" width=\"960\" height=\"644\" data-id=\"107\" src=\"https:\/\/dosmaresgesell.com.ar\/villa-gesell\/wp-content\/uploads\/2015\/11\/DSC0091.jpg\" alt=\"\" class=\"wp-image-107\" srcset=\"https:\/\/dosmaresgesell.com.ar\/villa-gesell\/wp-content\/uploads\/2015\/11\/DSC0091.jpg 960w, https:\/\/dosmaresgesell.com.ar\/villa-gesell\/wp-content\/uploads\/2015\/11\/DSC0091-300x201.jpg 300w, https:\/\/dosmaresgesell.com.ar\/villa-gesell\/wp-content\/uploads\/2015\/11\/DSC0091-500x335.jpg 500w\" sizes=\"auto, (max-width: 960px) 100vw, 960px\" \/><\/a><\/figure>\n<\/figure>\n\n\n\n<figure class=\"wp-block-gallery has-nested-images columns-default is-cropped wp-block-gallery-2 is-layout-flex wp-block-gallery-is-layout-flex\"><\/figure>\n","protected":false},"excerpt":{"rendered":"<p>Contamos con:Cochera Cerrada y amplia con lugar para cuatriciclos y\/o trailers &#8211; T.V. con Cable &#8211; Conexi\u00f3n Internet Wi-Fi en todo el complejo &#8211; Gas natural &#8211; Heladeras con freezer &#8211; Microondas &#8211; Vajilla y bater\u00eda de cocina completa, Cafeteras y tostadoras el\u00e9ctricas &#8211; Cajas de seguridad &#8211; Amplio quincho con parrilla para compartir &#8211; [&hellip;]<\/p>\n","protected":false},"author":1,"featured_media":0,"parent":0,"menu_order":0,"comment_status":"closed","ping_status":"closed","template":"","meta":{"footnotes":""},"class_list":["post-25","page","type-page","status-publish","hentry"],"_links":{"self":[{"href":"https:\/\/dosmaresgesell.com.ar\/villa-gesell\/wp-json\/wp\/v2\/pages\/25","targetHints":{"allow":["GET"]}}],"collection":[{"href":"https:\/\/dosmaresgesell.com.ar\/villa-gesell\/wp-json\/wp\/v2\/pages"}],"about":[{"href":"https:\/\/dosmaresgesell.com.ar\/villa-gesell\/wp-json\/wp\/v2\/types\/page"}],"author":[{"embeddable":true,"href":"https:\/\/dosmaresgesell.com.ar\/villa-gesell\/wp-json\/wp\/v2\/users\/1"}],"replies":[{"embeddable":true,"href":"https:\/\/dosmaresgesell.com.ar\/villa-gesell\/wp-json\/wp\/v2\/comments?post=25"}],"version-history":[{"count":9,"href":"https:\/\/dosmaresgesell.com.ar\/villa-gesell\/wp-json\/wp\/v2\/pages\/25\/revisions"}],"predecessor-version":[{"id":208,"href":"https:\/\/dosmaresgesell.com.ar\/villa-gesell\/wp-json\/wp\/v2\/pages\/25\/revisions\/208"}],"wp:attachment":[{"href":"https:\/\/dosmaresgesell.com.ar\/villa-gesell\/wp-json\/wp\/v2\/media?parent=25"}],"curies":[{"name":"wp","href":"https:\/\/api.w.org\/{rel}","templated":true}]}}