{"id":5,"date":"2015-10-27T20:47:01","date_gmt":"2015-10-27T20:47:01","guid":{"rendered":"http:\/\/dosmaresgesell.com.ar\/villa-gesell\/?page_id=5"},"modified":"2023-09-12T19:01:40","modified_gmt":"2023-09-12T19:01:40","slug":"bienvenidos-a-dos-mares","status":"publish","type":"page","link":"https:\/\/dosmaresgesell.com.ar\/villa-gesell\/","title":{"rendered":"Bienvenidos a Dos Mares"},"content":{"rendered":"<p><strong>\u00a0Bienvenidos a Dos Mares, casas de verano.<\/strong><\/p>\n<p>Te invitamos a disfrutar de tus vacaciones en un ambiente c\u00e1lido y familiar con atenci\u00f3n personalizada\u2026<\/p>\n<p>En una ubicaci\u00f3n privilegiada a metros del mar y en pleno centro de Villa Gesell Dos Mares es la mejor opci\u00f3n para sus vacaciones en familia.<\/p>\n<p>Excelentes d\u00faplex con ambientes c\u00e1lidos y modernos har\u00e1n tu estad\u00eda inolvidable..<\/p>\n<p>Para que tus vacaciones s\u00f3lo sean para disfrutar del Sol y el mar&#8230;<\/p>\n\n\n<h2 class=\"wp-block-heading\"><\/h2>\n\n\n\n<figure class=\"wp-block-image size-full\"><a href=\"https:\/\/dosmaresgesell.com.ar\/villa-gesell\/wp-content\/uploads\/2023\/09\/WhatsApp-Image-2023-09-12-at-15.33.49.jpeg\"><img loading=\"lazy\" decoding=\"async\" width=\"985\" height=\"720\" src=\"https:\/\/dosmaresgesell.com.ar\/villa-gesell\/wp-content\/uploads\/2023\/09\/WhatsApp-Image-2023-09-12-at-15.33.49.jpeg\" alt=\"\" class=\"wp-image-198\" srcset=\"https:\/\/dosmaresgesell.com.ar\/villa-gesell\/wp-content\/uploads\/2023\/09\/WhatsApp-Image-2023-09-12-at-15.33.49.jpeg 985w, https:\/\/dosmaresgesell.com.ar\/villa-gesell\/wp-content\/uploads\/2023\/09\/WhatsApp-Image-2023-09-12-at-15.33.49-300x219.jpeg 300w, https:\/\/dosmaresgesell.com.ar\/villa-gesell\/wp-content\/uploads\/2023\/09\/WhatsApp-Image-2023-09-12-at-15.33.49-768x561.jpeg 768w, https:\/\/dosmaresgesell.com.ar\/villa-gesell\/wp-content\/uploads\/2023\/09\/WhatsApp-Image-2023-09-12-at-15.33.49-135x100.jpeg 135w\" sizes=\"auto, (max-width: 985px) 100vw, 985px\" \/><\/a><\/figure>\n\n\n\n<figure class=\"wp-block-gallery has-nested-images columns-default is-cropped wp-block-gallery-1 is-layout-flex wp-block-gallery-is-layout-flex\"><\/figure>\n","protected":false},"excerpt":{"rendered":"<p>\u00a0Bienvenidos a Dos Mares, casas de verano. Te invitamos a disfrutar de tus vacaciones en un ambiente c\u00e1lido y familiar con atenci\u00f3n personalizada\u2026 En una ubicaci\u00f3n privilegiada a metros del mar y en pleno centro de Villa Gesell Dos Mares es la mejor opci\u00f3n para sus vacaciones en familia. Excelentes d\u00faplex con ambientes c\u00e1lidos y [&hellip;]<\/p>\n","protected":false},"author":1,"featured_media":0,"parent":0,"menu_order":0,"comment_status":"closed","ping_status":"closed","template":"","meta":{"footnotes":""},"class_list":["post-5","page","type-page","status-publish","hentry"],"_links":{"self":[{"href":"https:\/\/dosmaresgesell.com.ar\/villa-gesell\/wp-json\/wp\/v2\/pages\/5","targetHints":{"allow":["GET"]}}],"collection":[{"href":"https:\/\/dosmaresgesell.com.ar\/villa-gesell\/wp-json\/wp\/v2\/pages"}],"about":[{"href":"https:\/\/dosmaresgesell.com.ar\/villa-gesell\/wp-json\/wp\/v2\/types\/page"}],"author":[{"embeddable":true,"href":"https:\/\/dosmaresgesell.com.ar\/villa-gesell\/wp-json\/wp\/v2\/users\/1"}],"replies":[{"embeddable":true,"href":"https:\/\/dosmaresgesell.com.ar\/villa-gesell\/wp-json\/wp\/v2\/comments?post=5"}],"version-history":[{"count":10,"href":"https:\/\/dosmaresgesell.com.ar\/villa-gesell\/wp-json\/wp\/v2\/pages\/5\/revisions"}],"predecessor-version":[{"id":211,"href":"https:\/\/dosmaresgesell.com.ar\/villa-gesell\/wp-json\/wp\/v2\/pages\/5\/revisions\/211"}],"wp:attachment":[{"href":"https:\/\/dosmaresgesell.com.ar\/villa-gesell\/wp-json\/wp\/v2\/media?parent=5"}],"curies":[{"name":"wp","href":"https:\/\/api.w.org\/{rel}","templated":true}]}}