{"id":53,"date":"2015-10-28T00:05:48","date_gmt":"2015-10-28T00:05:48","guid":{"rendered":"http:\/\/dosmaresgesell.com.ar\/villa-gesell\/?page_id=53"},"modified":"2023-09-12T12:35:30","modified_gmt":"2023-09-12T12:35:30","slug":"ubicacion","status":"publish","type":"page","link":"https:\/\/dosmaresgesell.com.ar\/villa-gesell\/ubicacion\/","title":{"rendered":"Ubicaci\u00f3n"},"content":{"rendered":"<p>Estamos en Avenida 1 Nro. 924 (Paseo 109) a 1 cuadra del mar y 2 del centro, Frente a nosotros se encuentra la Hoster\u00eda Tequendama (4 estrellas) con continuo movimiento a toda hora del d\u00eda.<br \/>\nExcelente ubicaci\u00f3n, ideal para no usar el auto durante tus vacaciones o que sus hijos puedan tener movilidad propia, Barrio muy tranquilo y familiar.<br \/>\nEn nuestras playas&#8230; podr\u00e1s encontrar el balneario Tejas Rojas y si lo deseas tambien una zona libre para m\u00e1s tranquilidad.<br \/>\nEn un radio de 200mts. tenemos: farmacia, supermercados, pizzerias, restaurantes, bancos y cajeros automaticos, teatro, cine, etc.<\/p>\n<p><iframe loading=\"lazy\" src=\"https:\/\/www.google.com\/maps\/embed?pb=!1m0!3m2!1ses-419!2sar!4v1446921659537!6m8!1m7!1sMtTb6qo-bzvJd90yaddMqQ!2m2!1d-37.26286652032286!2d-56.97091157978264!3f279.8527117042944!4f-5.788113139276973!5f0.7820865974627469\" width=\"100%\" height=\"450\" frameborder=\"0\" style=\"border:0\" allowfullscreen=\"\"><\/iframe><br \/>\n<iframe loading=\"lazy\" src=\"https:\/\/www.google.com\/maps\/d\/embed?mid=zM3K58aIb1y8.kr5Ocr5vA6LM&amp;hl=es\" width=\"100%\" height=\"480\"><\/iframe><\/p>\n","protected":false},"excerpt":{"rendered":"<p>Estamos en Avenida 1 Nro. 924 (Paseo 109) a 1 cuadra del mar y 2 del centro, Frente a nosotros se encuentra la Hoster\u00eda Tequendama (4 estrellas) con continuo movimiento a toda hora del d\u00eda. Excelente ubicaci\u00f3n, ideal para no usar el auto durante tus vacaciones o que sus hijos puedan tener movilidad propia, Barrio [&hellip;]<\/p>\n","protected":false},"author":1,"featured_media":0,"parent":0,"menu_order":0,"comment_status":"closed","ping_status":"closed","template":"","meta":{"footnotes":""},"class_list":["post-53","page","type-page","status-publish","hentry"],"_links":{"self":[{"href":"https:\/\/dosmaresgesell.com.ar\/villa-gesell\/wp-json\/wp\/v2\/pages\/53","targetHints":{"allow":["GET"]}}],"collection":[{"href":"https:\/\/dosmaresgesell.com.ar\/villa-gesell\/wp-json\/wp\/v2\/pages"}],"about":[{"href":"https:\/\/dosmaresgesell.com.ar\/villa-gesell\/wp-json\/wp\/v2\/types\/page"}],"author":[{"embeddable":true,"href":"https:\/\/dosmaresgesell.com.ar\/villa-gesell\/wp-json\/wp\/v2\/users\/1"}],"replies":[{"embeddable":true,"href":"https:\/\/dosmaresgesell.com.ar\/villa-gesell\/wp-json\/wp\/v2\/comments?post=53"}],"version-history":[{"count":3,"href":"https:\/\/dosmaresgesell.com.ar\/villa-gesell\/wp-json\/wp\/v2\/pages\/53\/revisions"}],"predecessor-version":[{"id":157,"href":"https:\/\/dosmaresgesell.com.ar\/villa-gesell\/wp-json\/wp\/v2\/pages\/53\/revisions\/157"}],"wp:attachment":[{"href":"https:\/\/dosmaresgesell.com.ar\/villa-gesell\/wp-json\/wp\/v2\/media?parent=53"}],"curies":[{"name":"wp","href":"https:\/\/api.w.org\/{rel}","templated":true}]}}